{"id":1725,"date":"2012-08-17T11:17:31","date_gmt":"2012-08-17T09:17:31","guid":{"rendered":"http:\/\/www.ms-sydney.ch\/?page_id=1725"},"modified":"2025-10-04T15:24:03","modified_gmt":"2025-10-04T13:24:03","slug":"besuchte-hafen","status":"publish","type":"page","link":"https:\/\/www.ms-sydney.ch\/?page_id=1725","title":{"rendered":"Besuchte H\u00e4fen"},"content":{"rendered":"<p>Mit der MS-Sydney besuchte H\u00e4fen &#8211; oder mit dem Camper Joa besuchte Ortschaften<br \/>\nHier zeigen wir alle Ortschaften, resp. H\u00e4fen auf, in welchen wir die MS-Sydney festgemacht oder den Camper Joa parkiert haben. Sei dies nur um Einzukaufen, einen Stadtbummel zu unternehmen oder sogar ein paar Tage von der Hektik auf dem Wasser auszuspannen. Nat\u00fcrlich k\u00f6nnte dies auch kulinarische Hintergr\u00fcnde haben.<\/p>\n<p style=\"text-align: center;\"><em>Alle H\u00e4fen im Ueberblick finden Sie <a title=\"Hafen mit der Sydney besucht\" href=\"https:\/\/www.google.com\/maps\/d\/viewer?mid=1shEGHZcSbVKNYKA7Pq71UnMVz7_ivG8&amp;ll=53.6860278412253%2C11.595126749999997&amp;z=6\" target=\"_blank\" rel=\"noopener noreferrer\">hier.<\/a><\/em><\/p>\n","protected":false},"excerpt":{"rendered":"<p>Mit der MS-Sydney besuchte H\u00e4fen &#8211; oder mit dem Camper Joa besuchte Ortschaften Hier zeigen wir alle Ortschaften, resp. H\u00e4fen auf, in welchen wir die MS-Sydney festgemacht oder den Camper Joa parkiert haben. Sei dies nur um Einzukaufen, einen Stadtbummel zu unternehmen oder sogar ein paar Tage von der Hektik auf dem Wasser auszuspannen. Nat\u00fcrlich<\/p>\n<div class=\"more-link\">\n\t\t\t\t <a href=\"https:\/\/www.ms-sydney.ch\/?page_id=1725\" class=\"link-btn theme-btn\"><span>Weiterlesen <\/span> <i class=\"fa fa-caret-right\"><\/i><\/a>\n\t\t\t<\/div>\n","protected":false},"author":2,"featured_media":1552,"parent":0,"menu_order":0,"comment_status":"closed","ping_status":"open","template":"","meta":{"footnotes":""},"class_list":["post-1725","page","type-page","status-publish","has-post-thumbnail","hentry"],"_links":{"self":[{"href":"https:\/\/www.ms-sydney.ch\/index.php?rest_route=\/wp\/v2\/pages\/1725","targetHints":{"allow":["GET"]}}],"collection":[{"href":"https:\/\/www.ms-sydney.ch\/index.php?rest_route=\/wp\/v2\/pages"}],"about":[{"href":"https:\/\/www.ms-sydney.ch\/index.php?rest_route=\/wp\/v2\/types\/page"}],"author":[{"embeddable":true,"href":"https:\/\/www.ms-sydney.ch\/index.php?rest_route=\/wp\/v2\/users\/2"}],"replies":[{"embeddable":true,"href":"https:\/\/www.ms-sydney.ch\/index.php?rest_route=%2Fwp%2Fv2%2Fcomments&post=1725"}],"version-history":[{"count":62,"href":"https:\/\/www.ms-sydney.ch\/index.php?rest_route=\/wp\/v2\/pages\/1725\/revisions"}],"predecessor-version":[{"id":4331,"href":"https:\/\/www.ms-sydney.ch\/index.php?rest_route=\/wp\/v2\/pages\/1725\/revisions\/4331"}],"wp:featuredmedia":[{"embeddable":true,"href":"https:\/\/www.ms-sydney.ch\/index.php?rest_route=\/wp\/v2\/media\/1552"}],"wp:attachment":[{"href":"https:\/\/www.ms-sydney.ch\/index.php?rest_route=%2Fwp%2Fv2%2Fmedia&parent=1725"}],"curies":[{"name":"wp","href":"https:\/\/api.w.org\/{rel}","templated":true}]}}